{"id":92,"date":"2020-06-16T09:43:01","date_gmt":"2020-06-16T07:43:01","guid":{"rendered":"https:\/\/bezpiecznymaluch.marko-baby.pl\/?page_id=92"},"modified":"2022-09-17T11:39:37","modified_gmt":"2022-09-17T09:39:37","slug":"do-pobrania","status":"publish","type":"page","link":"https:\/\/bezpiecznymaluch.marko-baby.pl\/?page_id=92","title":{"rendered":"Materia\u0142y do pobrania"},"content":{"rendered":"\t\t<div data-elementor-type=\"wp-page\" data-elementor-id=\"92\" class=\"elementor elementor-92\">\n\t\t\t\t\t\t<section class=\"elementor-section elementor-top-section elementor-element elementor-element-faf8266 elementor-section-boxed elementor-section-height-default elementor-section-height-default\" data-id=\"faf8266\" data-element_type=\"section\">\n\t\t\t\t\t\t<div class=\"elementor-container elementor-column-gap-default\">\n\t\t\t\t\t<div class=\"elementor-column elementor-col-100 elementor-top-column elementor-element elementor-element-74a8bfb\" data-id=\"74a8bfb\" data-element_type=\"column\">\n\t\t\t<div class=\"elementor-widget-wrap elementor-element-populated\">\n\t\t\t\t\t\t<div class=\"elementor-element elementor-element-ac42662 elementor-invisible elementor-widget elementor-widget-heading\" data-id=\"ac42662\" data-element_type=\"widget\" data-settings=\"{&quot;_animation&quot;:&quot;fadeIn&quot;}\" data-widget_type=\"heading.default\">\n\t\t\t\t<div class=\"elementor-widget-container\">\n\t\t\t\t\t<h2 class=\"elementor-heading-title elementor-size-default\">Pliki do pobrania:<\/h2>\t\t\t\t<\/div>\n\t\t\t\t<\/div>\n\t\t\t\t<div class=\"elementor-element elementor-element-fd16393 elementor-widget__width-initial elementor-tabs-view-horizontal elementor-widget elementor-widget-tabs\" data-id=\"fd16393\" data-element_type=\"widget\" data-widget_type=\"tabs.default\">\n\t\t\t\t<div class=\"elementor-widget-container\">\n\t\t\t\t\t\t\t<div class=\"elementor-tabs\">\n\t\t\t<div class=\"elementor-tabs-wrapper\" role=\"tablist\" >\n\t\t\t\t\t\t\t\t\t<div id=\"elementor-tab-title-2651\" class=\"elementor-tab-title elementor-tab-desktop-title\" aria-selected=\"true\" data-tab=\"1\" role=\"tab\" tabindex=\"0\" aria-controls=\"elementor-tab-content-2651\" aria-expanded=\"false\">BeSafe<\/div>\n\t\t\t\t\t\t\t\t\t<div id=\"elementor-tab-title-2652\" class=\"elementor-tab-title elementor-tab-desktop-title\" aria-selected=\"false\" data-tab=\"2\" role=\"tab\" tabindex=\"-1\" aria-controls=\"elementor-tab-content-2652\" aria-expanded=\"false\">Love To Dream<\/div>\n\t\t\t\t\t\t\t\t\t<div id=\"elementor-tab-title-2653\" class=\"elementor-tab-title elementor-tab-desktop-title\" aria-selected=\"false\" data-tab=\"3\" role=\"tab\" tabindex=\"-1\" aria-controls=\"elementor-tab-content-2653\" aria-expanded=\"false\">Nanobebe<\/div>\n\t\t\t\t\t\t\t\t\t<div id=\"elementor-tab-title-2654\" class=\"elementor-tab-title elementor-tab-desktop-title\" aria-selected=\"false\" data-tab=\"4\" role=\"tab\" tabindex=\"-1\" aria-controls=\"elementor-tab-content-2654\" aria-expanded=\"false\">Zabawki edukacyjno rozwojowe<\/div>\n\t\t\t\t\t\t\t\t\t<div id=\"elementor-tab-title-2655\" class=\"elementor-tab-title elementor-tab-desktop-title\" aria-selected=\"false\" data-tab=\"5\" role=\"tab\" tabindex=\"-1\" aria-controls=\"elementor-tab-content-2655\" aria-expanded=\"false\">DreamBaby<\/div>\n\t\t\t\t\t\t\t<\/div>\n\t\t\t<div class=\"elementor-tabs-content-wrapper\" role=\"tablist\" aria-orientation=\"vertical\">\n\t\t\t\t\t\t\t\t\t<div class=\"elementor-tab-title elementor-tab-mobile-title\" aria-selected=\"true\" data-tab=\"1\" role=\"tab\" tabindex=\"0\" aria-controls=\"elementor-tab-content-2651\" aria-expanded=\"false\">BeSafe<\/div>\n\t\t\t\t\t<div id=\"elementor-tab-content-2651\" class=\"elementor-tab-content elementor-clearfix\" data-tab=\"1\" role=\"tabpanel\" aria-labelledby=\"elementor-tab-title-2651\" tabindex=\"0\" hidden=\"false\"><p><a href=\"https:\/\/bezpiecznymaluch.marko-baby.pl\/wp-content\/uploads\/2020\/06\/Bezpiecze\u0144stwo-w-podr\u00f3\u017cy-matki-i-dziecka.pdf\"><img decoding=\"async\" class=\"wp-image-182 alignleft\" src=\"https:\/\/bezpiecznymaluch.marko-baby.pl\/wp-content\/uploads\/2020\/06\/be-safe-scandinavian-safety-300x136.jpg\" alt=\"\" width=\"117\" height=\"53\" srcset=\"https:\/\/bezpiecznymaluch.marko-baby.pl\/wp-content\/uploads\/2020\/06\/be-safe-scandinavian-safety-300x136.jpg 300w, https:\/\/bezpiecznymaluch.marko-baby.pl\/wp-content\/uploads\/2020\/06\/be-safe-scandinavian-safety.jpg 625w\" sizes=\"(max-width: 117px) 100vw, 117px\" \/><\/a><\/p><p><a href=\"https:\/\/bezpiecznymaluch.marko-baby.pl\/wp-content\/uploads\/2020\/06\/Bezpiecze\u0144stwo-w-podr\u00f3\u017cy-matki-i-dziecka.pdf\" target=\"_blank\" rel=\"noopener\">Bezpiecze\u0144stwo w podr\u00f3\u017cy matki i dziecka\u00a0<\/a><\/p><p><a href=\"https:\/\/bezpiecznymaluch.marko-baby.pl\/wp-content\/uploads\/2020\/06\/Katalog_BeSafe_I_2020_-_PL_-_correct1.pdf\" target=\"_blank\" rel=\"noopener\">Produkty BeSafe<\/a><\/p><\/div>\n\t\t\t\t\t\t\t\t\t<div class=\"elementor-tab-title elementor-tab-mobile-title\" aria-selected=\"false\" data-tab=\"2\" role=\"tab\" tabindex=\"-1\" aria-controls=\"elementor-tab-content-2652\" aria-expanded=\"false\">Love To Dream<\/div>\n\t\t\t\t\t<div id=\"elementor-tab-content-2652\" class=\"elementor-tab-content elementor-clearfix\" data-tab=\"2\" role=\"tabpanel\" aria-labelledby=\"elementor-tab-title-2652\" tabindex=\"0\" hidden=\"hidden\"><p><img decoding=\"async\" class=\"wp-image-179 alignleft\" src=\"https:\/\/bezpiecznymaluch.marko-baby.pl\/wp-content\/uploads\/2020\/06\/LovetoDream-300x294.jpg\" alt=\"\" width=\"89\" height=\"87\" srcset=\"https:\/\/bezpiecznymaluch.marko-baby.pl\/wp-content\/uploads\/2020\/06\/LovetoDream-300x294.jpg 300w, https:\/\/bezpiecznymaluch.marko-baby.pl\/wp-content\/uploads\/2020\/06\/LovetoDream-1024x1004.jpg 1024w, https:\/\/bezpiecznymaluch.marko-baby.pl\/wp-content\/uploads\/2020\/06\/LovetoDream-768x753.jpg 768w, https:\/\/bezpiecznymaluch.marko-baby.pl\/wp-content\/uploads\/2020\/06\/LovetoDream-1200x1177.jpg 1200w, https:\/\/bezpiecznymaluch.marko-baby.pl\/wp-content\/uploads\/2020\/06\/LovetoDream.jpg 1329w\" sizes=\"(max-width: 89px) 100vw, 89px\" \/><\/p><p><a href=\"https:\/\/bezpiecznymaluch.marko-baby.pl\/wp-content\/uploads\/2020\/06\/Love_to_dream_Ulotka.pdf\" target=\"_blank\" rel=\"noopener\">Love ToDream &#8211; dlaczego r\u0119ce w g\u00f3rze?<\/a><\/p><\/div>\n\t\t\t\t\t\t\t\t\t<div class=\"elementor-tab-title elementor-tab-mobile-title\" aria-selected=\"false\" data-tab=\"3\" role=\"tab\" tabindex=\"-1\" aria-controls=\"elementor-tab-content-2653\" aria-expanded=\"false\">Nanobebe<\/div>\n\t\t\t\t\t<div id=\"elementor-tab-content-2653\" class=\"elementor-tab-content elementor-clearfix\" data-tab=\"3\" role=\"tabpanel\" aria-labelledby=\"elementor-tab-title-2653\" tabindex=\"0\" hidden=\"hidden\"><p><a href=\"https:\/\/bezpiecznymaluch.marko-baby.pl\/wp-content\/uploads\/2020\/06\/Rewolucja-w-karmieniu-niemowl\u0105t-1.pdf\"><img decoding=\"async\" class=\" wp-image-180 alignleft\" src=\"https:\/\/bezpiecznymaluch.marko-baby.pl\/wp-content\/uploads\/2020\/06\/nanobebe-300x44.png\" alt=\"\" width=\"115\" height=\"17\" srcset=\"https:\/\/bezpiecznymaluch.marko-baby.pl\/wp-content\/uploads\/2020\/06\/nanobebe-300x44.png 300w, https:\/\/bezpiecznymaluch.marko-baby.pl\/wp-content\/uploads\/2020\/06\/nanobebe-1024x152.png 1024w, https:\/\/bezpiecznymaluch.marko-baby.pl\/wp-content\/uploads\/2020\/06\/nanobebe-768x114.png 768w, https:\/\/bezpiecznymaluch.marko-baby.pl\/wp-content\/uploads\/2020\/06\/nanobebe-1200x178.png 1200w, https:\/\/bezpiecznymaluch.marko-baby.pl\/wp-content\/uploads\/2020\/06\/nanobebe.png 1349w\" sizes=\"(max-width: 115px) 100vw, 115px\" \/><\/a><\/p>\n<p><br><\/p><p><a href=\"https:\/\/bezpiecznymaluch.marko-baby.pl\/wp-content\/uploads\/2020\/06\/Rewolucja-w-karmieniu-niemowl\u0105t-1.pdf\" target=\"_blank\" rel=\"noopener\">Rewolucja w karmieniu niemowl\u0105t<\/a><\/p>\n<p><a href=\"https:\/\/bezpiecznymaluch.marko-baby.pl\/wp-content\/uploads\/2020\/06\/Katalog_Nanobebe_2020_31.pdf\" target=\"_blank\" rel=\"noopener\">Produkty Nanobebe<\/a><\/p><\/div>\n\t\t\t\t\t\t\t\t\t<div class=\"elementor-tab-title elementor-tab-mobile-title\" aria-selected=\"false\" data-tab=\"4\" role=\"tab\" tabindex=\"-1\" aria-controls=\"elementor-tab-content-2654\" aria-expanded=\"false\">Zabawki edukacyjno rozwojowe<\/div>\n\t\t\t\t\t<div id=\"elementor-tab-content-2654\" class=\"elementor-tab-content elementor-clearfix\" data-tab=\"4\" role=\"tabpanel\" aria-labelledby=\"elementor-tab-title-2654\" tabindex=\"0\" hidden=\"hidden\"><p><a href=\"https:\/\/bezpiecznymaluch.marko-baby.pl\/wp-content\/uploads\/2020\/06\/Zabawki-edukacyjno-rozwojowe.pdf\"><img loading=\"lazy\" decoding=\"async\" class=\"wp-image-185 alignleft\" src=\"https:\/\/bezpiecznymaluch.marko-baby.pl\/wp-content\/uploads\/2020\/06\/tiny-love-300x166.png\" alt=\"\" width=\"85\" height=\"47\" srcset=\"https:\/\/bezpiecznymaluch.marko-baby.pl\/wp-content\/uploads\/2020\/06\/tiny-love-300x166.png 300w, https:\/\/bezpiecznymaluch.marko-baby.pl\/wp-content\/uploads\/2020\/06\/tiny-love-768x424.png 768w, https:\/\/bezpiecznymaluch.marko-baby.pl\/wp-content\/uploads\/2020\/06\/tiny-love.png 880w\" sizes=\"(max-width: 85px) 100vw, 85px\" \/><img loading=\"lazy\" decoding=\"async\" class=\"alignnone wp-image-186 alignleft\" src=\"https:\/\/bezpiecznymaluch.marko-baby.pl\/wp-content\/uploads\/2020\/06\/ks-kids-300x106.png\" alt=\"\" width=\"117\" height=\"41\" srcset=\"https:\/\/bezpiecznymaluch.marko-baby.pl\/wp-content\/uploads\/2020\/06\/ks-kids-300x106.png 300w, https:\/\/bezpiecznymaluch.marko-baby.pl\/wp-content\/uploads\/2020\/06\/ks-kids-768x272.png 768w, https:\/\/bezpiecznymaluch.marko-baby.pl\/wp-content\/uploads\/2020\/06\/ks-kids.png 880w\" sizes=\"(max-width: 117px) 100vw, 117px\" \/><\/a><\/p><p>\u00a0<\/p><p>\u00a0<\/p><p><a href=\"https:\/\/bezpiecznymaluch.marko-baby.pl\/wp-content\/uploads\/2020\/06\/Zabawki-edukacyjno-rozwojowe.pdf\" target=\"_blank\" rel=\"noopener\">Zabawki edukacyjno &#8211; rozwojowe<\/a><\/p><\/div>\n\t\t\t\t\t\t\t\t\t<div class=\"elementor-tab-title elementor-tab-mobile-title\" aria-selected=\"false\" data-tab=\"5\" role=\"tab\" tabindex=\"-1\" aria-controls=\"elementor-tab-content-2655\" aria-expanded=\"false\">DreamBaby<\/div>\n\t\t\t\t\t<div id=\"elementor-tab-content-2655\" class=\"elementor-tab-content elementor-clearfix\" data-tab=\"5\" role=\"tabpanel\" aria-labelledby=\"elementor-tab-title-2655\" tabindex=\"0\" hidden=\"hidden\"><p><a href=\"https:\/\/bezpiecznymaluch.marko-baby.pl\/wp-content\/uploads\/2020\/06\/Bezpiecze\u0144stwo-malucha-w-domu-1.pdf\"><img loading=\"lazy\" decoding=\"async\" class=\"wp-image-188 alignleft\" src=\"https:\/\/bezpiecznymaluch.marko-baby.pl\/wp-content\/uploads\/2020\/06\/dreambaby-300x124.jpg\" alt=\"\" width=\"99\" height=\"41\" srcset=\"https:\/\/bezpiecznymaluch.marko-baby.pl\/wp-content\/uploads\/2020\/06\/dreambaby-300x124.jpg 300w, https:\/\/bezpiecznymaluch.marko-baby.pl\/wp-content\/uploads\/2020\/06\/dreambaby-1024x425.jpg 1024w, https:\/\/bezpiecznymaluch.marko-baby.pl\/wp-content\/uploads\/2020\/06\/dreambaby-768x319.jpg 768w, https:\/\/bezpiecznymaluch.marko-baby.pl\/wp-content\/uploads\/2020\/06\/dreambaby-1536x637.jpg 1536w, https:\/\/bezpiecznymaluch.marko-baby.pl\/wp-content\/uploads\/2020\/06\/dreambaby-2048x850.jpg 2048w, https:\/\/bezpiecznymaluch.marko-baby.pl\/wp-content\/uploads\/2020\/06\/dreambaby-1200x498.jpg 1200w, https:\/\/bezpiecznymaluch.marko-baby.pl\/wp-content\/uploads\/2020\/06\/dreambaby-1980x821.jpg 1980w\" sizes=\"(max-width: 99px) 100vw, 99px\" \/><\/a><\/p><p><a href=\"https:\/\/bezpiecznymaluch.marko-baby.pl\/wp-content\/uploads\/2020\/06\/Bezpiecze\u0144stwo-malucha-w-domu-1.pdf\" target=\"_blank\" rel=\"noopener\">Bezpiecze\u0144stwo malucha w domu<\/a><\/p><\/div>\n\t\t\t\t\t\t\t<\/div>\n\t\t<\/div>\n\t\t\t\t\t\t<\/div>\n\t\t\t\t<\/div>\n\t\t\t\t<div class=\"elementor-element elementor-element-0ade65d elementor-widget elementor-widget-heading\" data-id=\"0ade65d\" data-element_type=\"widget\" data-widget_type=\"heading.default\">\n\t\t\t\t<div class=\"elementor-widget-container\">\n\t\t\t\t\t<h2 class=\"elementor-heading-title elementor-size-default\">Odwied\u017a stron\u0119 partnera:<\/h2>\t\t\t\t<\/div>\n\t\t\t\t<\/div>\n\t\t\t\t\t<\/div>\n\t\t<\/div>\n\t\t\t\t\t<\/div>\n\t\t<\/section>\n\t\t\t\t<section class=\"elementor-section elementor-top-section elementor-element elementor-element-4a07d4c elementor-section-boxed elementor-section-height-default elementor-section-height-default\" data-id=\"4a07d4c\" data-element_type=\"section\">\n\t\t\t\t\t\t<div class=\"elementor-container elementor-column-gap-default\">\n\t\t\t\t\t<div class=\"elementor-column elementor-col-16 elementor-top-column elementor-element elementor-element-5f4b224\" data-id=\"5f4b224\" data-element_type=\"column\">\n\t\t\t<div class=\"elementor-widget-wrap elementor-element-populated\">\n\t\t\t\t\t\t<div class=\"elementor-element elementor-element-718a794 elementor-widget elementor-widget-image\" data-id=\"718a794\" data-element_type=\"widget\" data-widget_type=\"image.default\">\n\t\t\t\t<div class=\"elementor-widget-container\">\n\t\t\t\t\t\t\t\t\t\t\t\t<figure class=\"wp-caption\">\n\t\t\t\t\t\t\t\t\t\t\t<a href=\"https:\/\/www.besafe.com.pl\/\" target=\"_blank\">\n\t\t\t\t\t\t\t<img loading=\"lazy\" decoding=\"async\" width=\"150\" height=\"150\" src=\"https:\/\/bezpiecznymaluch.marko-baby.pl\/wp-content\/uploads\/2020\/06\/besafe-w-k\u00f3\u0142ku-150x150.png\" class=\"elementor-animation-grow attachment-thumbnail size-thumbnail wp-image-194\" alt=\"\" srcset=\"https:\/\/bezpiecznymaluch.marko-baby.pl\/wp-content\/uploads\/2020\/06\/besafe-w-k\u00f3\u0142ku-150x150.png 150w, https:\/\/bezpiecznymaluch.marko-baby.pl\/wp-content\/uploads\/2020\/06\/besafe-w-k\u00f3\u0142ku-300x300.png 300w, https:\/\/bezpiecznymaluch.marko-baby.pl\/wp-content\/uploads\/2020\/06\/besafe-w-k\u00f3\u0142ku-768x768.png 768w, https:\/\/bezpiecznymaluch.marko-baby.pl\/wp-content\/uploads\/2020\/06\/besafe-w-k\u00f3\u0142ku.png 860w\" sizes=\"(max-width: 150px) 100vw, 150px\" \/>\t\t\t\t\t\t\t\t<\/a>\n\t\t\t\t\t\t\t\t\t\t\t<figcaption class=\"widget-image-caption wp-caption-text\"><\/figcaption>\n\t\t\t\t\t\t\t\t\t\t<\/figure>\n\t\t\t\t\t\t\t\t\t<\/div>\n\t\t\t\t<\/div>\n\t\t\t\t\t<\/div>\n\t\t<\/div>\n\t\t\t\t<div class=\"elementor-column elementor-col-16 elementor-top-column elementor-element elementor-element-368e4f0\" data-id=\"368e4f0\" data-element_type=\"column\">\n\t\t\t<div class=\"elementor-widget-wrap elementor-element-populated\">\n\t\t\t\t\t\t<div class=\"elementor-element elementor-element-ab08d11 elementor-widget elementor-widget-image\" data-id=\"ab08d11\" data-element_type=\"widget\" data-widget_type=\"image.default\">\n\t\t\t\t<div class=\"elementor-widget-container\">\n\t\t\t\t\t\t\t\t\t\t\t\t<figure class=\"wp-caption\">\n\t\t\t\t\t\t\t\t\t\t\t<a href=\"https:\/\/www.lovetodream.pl\/\" target=\"_blank\">\n\t\t\t\t\t\t\t<img loading=\"lazy\" decoding=\"async\" width=\"150\" height=\"150\" src=\"https:\/\/bezpiecznymaluch.marko-baby.pl\/wp-content\/uploads\/2020\/06\/ltd-w-k\u00f3\u0142ku-150x150.png\" class=\"elementor-animation-grow attachment-thumbnail size-thumbnail wp-image-196\" alt=\"\" srcset=\"https:\/\/bezpiecznymaluch.marko-baby.pl\/wp-content\/uploads\/2020\/06\/ltd-w-k\u00f3\u0142ku-150x150.png 150w, https:\/\/bezpiecznymaluch.marko-baby.pl\/wp-content\/uploads\/2020\/06\/ltd-w-k\u00f3\u0142ku-300x300.png 300w, https:\/\/bezpiecznymaluch.marko-baby.pl\/wp-content\/uploads\/2020\/06\/ltd-w-k\u00f3\u0142ku-768x768.png 768w, https:\/\/bezpiecznymaluch.marko-baby.pl\/wp-content\/uploads\/2020\/06\/ltd-w-k\u00f3\u0142ku.png 860w\" sizes=\"(max-width: 150px) 100vw, 150px\" \/>\t\t\t\t\t\t\t\t<\/a>\n\t\t\t\t\t\t\t\t\t\t\t<figcaption class=\"widget-image-caption wp-caption-text\"><\/figcaption>\n\t\t\t\t\t\t\t\t\t\t<\/figure>\n\t\t\t\t\t\t\t\t\t<\/div>\n\t\t\t\t<\/div>\n\t\t\t\t\t<\/div>\n\t\t<\/div>\n\t\t\t\t<div class=\"elementor-column elementor-col-16 elementor-top-column elementor-element elementor-element-a4af352\" data-id=\"a4af352\" data-element_type=\"column\">\n\t\t\t<div class=\"elementor-widget-wrap elementor-element-populated\">\n\t\t\t\t\t\t<div class=\"elementor-element elementor-element-2e615a2 elementor-widget elementor-widget-image\" data-id=\"2e615a2\" data-element_type=\"widget\" data-widget_type=\"image.default\">\n\t\t\t\t<div class=\"elementor-widget-container\">\n\t\t\t\t\t\t\t\t\t\t\t\t\t\t\t\t<a href=\"https:\/\/www.nanobebe.pl\/\" target=\"_blank\">\n\t\t\t\t\t\t\t<img loading=\"lazy\" decoding=\"async\" width=\"150\" height=\"150\" src=\"https:\/\/bezpiecznymaluch.marko-baby.pl\/wp-content\/uploads\/2020\/06\/nanobebe-w-ko\u0142ku-150x150.png\" class=\"elementor-animation-grow attachment-thumbnail size-thumbnail wp-image-198\" alt=\"\" srcset=\"https:\/\/bezpiecznymaluch.marko-baby.pl\/wp-content\/uploads\/2020\/06\/nanobebe-w-ko\u0142ku-150x150.png 150w, https:\/\/bezpiecznymaluch.marko-baby.pl\/wp-content\/uploads\/2020\/06\/nanobebe-w-ko\u0142ku-300x300.png 300w, https:\/\/bezpiecznymaluch.marko-baby.pl\/wp-content\/uploads\/2020\/06\/nanobebe-w-ko\u0142ku-768x768.png 768w, https:\/\/bezpiecznymaluch.marko-baby.pl\/wp-content\/uploads\/2020\/06\/nanobebe-w-ko\u0142ku.png 860w\" sizes=\"(max-width: 150px) 100vw, 150px\" \/>\t\t\t\t\t\t\t\t<\/a>\n\t\t\t\t\t\t\t\t\t\t\t\t\t\t\t<\/div>\n\t\t\t\t<\/div>\n\t\t\t\t\t<\/div>\n\t\t<\/div>\n\t\t\t\t<div class=\"elementor-column elementor-col-16 elementor-top-column elementor-element elementor-element-1383353\" data-id=\"1383353\" data-element_type=\"column\">\n\t\t\t<div class=\"elementor-widget-wrap elementor-element-populated\">\n\t\t\t\t\t\t<div class=\"elementor-element elementor-element-7ffd82f elementor-widget elementor-widget-image\" data-id=\"7ffd82f\" data-element_type=\"widget\" data-widget_type=\"image.default\">\n\t\t\t\t<div class=\"elementor-widget-container\">\n\t\t\t\t\t\t\t\t\t\t\t\t\t\t\t\t<a href=\"https:\/\/www.tinylove.com\/pl_pl\" target=\"_blank\">\n\t\t\t\t\t\t\t<img loading=\"lazy\" decoding=\"async\" width=\"150\" height=\"150\" src=\"https:\/\/bezpiecznymaluch.marko-baby.pl\/wp-content\/uploads\/2020\/06\/tiny-love-w-k\u00f3\u0142ku-150x150.png\" class=\"elementor-animation-grow attachment-thumbnail size-thumbnail wp-image-199\" alt=\"\" srcset=\"https:\/\/bezpiecznymaluch.marko-baby.pl\/wp-content\/uploads\/2020\/06\/tiny-love-w-k\u00f3\u0142ku-150x150.png 150w, https:\/\/bezpiecznymaluch.marko-baby.pl\/wp-content\/uploads\/2020\/06\/tiny-love-w-k\u00f3\u0142ku-300x300.png 300w, https:\/\/bezpiecznymaluch.marko-baby.pl\/wp-content\/uploads\/2020\/06\/tiny-love-w-k\u00f3\u0142ku-768x768.png 768w, https:\/\/bezpiecznymaluch.marko-baby.pl\/wp-content\/uploads\/2020\/06\/tiny-love-w-k\u00f3\u0142ku.png 860w\" sizes=\"(max-width: 150px) 100vw, 150px\" \/>\t\t\t\t\t\t\t\t<\/a>\n\t\t\t\t\t\t\t\t\t\t\t\t\t\t\t<\/div>\n\t\t\t\t<\/div>\n\t\t\t\t\t<\/div>\n\t\t<\/div>\n\t\t\t\t<div class=\"elementor-column elementor-col-16 elementor-top-column elementor-element elementor-element-27b8f7a\" data-id=\"27b8f7a\" data-element_type=\"column\">\n\t\t\t<div class=\"elementor-widget-wrap elementor-element-populated\">\n\t\t\t\t\t\t<div class=\"elementor-element elementor-element-7449034 elementor-widget elementor-widget-image\" data-id=\"7449034\" data-element_type=\"widget\" data-widget_type=\"image.default\">\n\t\t\t\t<div class=\"elementor-widget-container\">\n\t\t\t\t\t\t\t\t\t\t\t\t\t\t\t\t<a href=\"https:\/\/www.kskids.com\/pl\/\" target=\"_blank\" rel=\"nofollow\">\n\t\t\t\t\t\t\t<img loading=\"lazy\" decoding=\"async\" width=\"150\" height=\"150\" src=\"https:\/\/bezpiecznymaluch.marko-baby.pl\/wp-content\/uploads\/2020\/06\/kk-w-k\u00f3\u0142ku-150x150.png\" class=\"elementor-animation-grow attachment-thumbnail size-thumbnail wp-image-200\" alt=\"\" srcset=\"https:\/\/bezpiecznymaluch.marko-baby.pl\/wp-content\/uploads\/2020\/06\/kk-w-k\u00f3\u0142ku-150x150.png 150w, https:\/\/bezpiecznymaluch.marko-baby.pl\/wp-content\/uploads\/2020\/06\/kk-w-k\u00f3\u0142ku-300x300.png 300w, https:\/\/bezpiecznymaluch.marko-baby.pl\/wp-content\/uploads\/2020\/06\/kk-w-k\u00f3\u0142ku-768x768.png 768w, https:\/\/bezpiecznymaluch.marko-baby.pl\/wp-content\/uploads\/2020\/06\/kk-w-k\u00f3\u0142ku.png 860w\" sizes=\"(max-width: 150px) 100vw, 150px\" \/>\t\t\t\t\t\t\t\t<\/a>\n\t\t\t\t\t\t\t\t\t\t\t\t\t\t\t<\/div>\n\t\t\t\t<\/div>\n\t\t\t\t\t<\/div>\n\t\t<\/div>\n\t\t\t\t<div class=\"elementor-column elementor-col-16 elementor-top-column elementor-element elementor-element-abc9737\" data-id=\"abc9737\" data-element_type=\"column\">\n\t\t\t<div class=\"elementor-widget-wrap elementor-element-populated\">\n\t\t\t\t\t\t<div class=\"elementor-element elementor-element-2efa317 elementor-widget elementor-widget-image\" data-id=\"2efa317\" data-element_type=\"widget\" data-widget_type=\"image.default\">\n\t\t\t\t<div class=\"elementor-widget-container\">\n\t\t\t\t\t\t\t\t\t\t\t\t\t\t\t\t<a href=\"https:\/\/www.kskids.com\/pl\/\" target=\"_blank\">\n\t\t\t\t\t\t\t<img loading=\"lazy\" decoding=\"async\" width=\"150\" height=\"150\" src=\"https:\/\/bezpiecznymaluch.marko-baby.pl\/wp-content\/uploads\/2022\/09\/dreambaby-1-150x150.jpg\" class=\"elementor-animation-grow attachment-thumbnail size-thumbnail wp-image-766\" alt=\"\" srcset=\"https:\/\/bezpiecznymaluch.marko-baby.pl\/wp-content\/uploads\/2022\/09\/dreambaby-1-150x150.jpg 150w, https:\/\/bezpiecznymaluch.marko-baby.pl\/wp-content\/uploads\/2022\/09\/dreambaby-1-300x300.jpg 300w, https:\/\/bezpiecznymaluch.marko-baby.pl\/wp-content\/uploads\/2022\/09\/dreambaby-1-768x768.jpg 768w, https:\/\/bezpiecznymaluch.marko-baby.pl\/wp-content\/uploads\/2022\/09\/dreambaby-1.jpg 860w\" sizes=\"(max-width: 150px) 100vw, 150px\" \/>\t\t\t\t\t\t\t\t<\/a>\n\t\t\t\t\t\t\t\t\t\t\t\t\t\t\t<\/div>\n\t\t\t\t<\/div>\n\t\t\t\t\t<\/div>\n\t\t<\/div>\n\t\t\t\t\t<\/div>\n\t\t<\/section>\n\t\t\t\t<section class=\"elementor-section elementor-top-section elementor-element elementor-element-9c50db0 elementor-section-boxed elementor-section-height-default elementor-section-height-default\" data-id=\"9c50db0\" data-element_type=\"section\">\n\t\t\t\t\t\t<div class=\"elementor-container elementor-column-gap-default\">\n\t\t\t\t\t<div class=\"elementor-column elementor-col-20 elementor-top-column elementor-element elementor-element-550de2c\" data-id=\"550de2c\" data-element_type=\"column\">\n\t\t\t<div class=\"elementor-widget-wrap\">\n\t\t\t\t\t\t\t<\/div>\n\t\t<\/div>\n\t\t\t\t<div class=\"elementor-column elementor-col-20 elementor-top-column elementor-element elementor-element-69424f4\" data-id=\"69424f4\" data-element_type=\"column\">\n\t\t\t<div class=\"elementor-widget-wrap\">\n\t\t\t\t\t\t\t<\/div>\n\t\t<\/div>\n\t\t\t\t<div class=\"elementor-column elementor-col-20 elementor-top-column elementor-element elementor-element-5661e0d\" data-id=\"5661e0d\" data-element_type=\"column\">\n\t\t\t<div class=\"elementor-widget-wrap\">\n\t\t\t\t\t\t\t<\/div>\n\t\t<\/div>\n\t\t\t\t<div class=\"elementor-column elementor-col-20 elementor-top-column elementor-element elementor-element-9619495\" data-id=\"9619495\" data-element_type=\"column\">\n\t\t\t<div class=\"elementor-widget-wrap\">\n\t\t\t\t\t\t\t<\/div>\n\t\t<\/div>\n\t\t\t\t<div class=\"elementor-column elementor-col-20 elementor-top-column elementor-element elementor-element-72352d6\" data-id=\"72352d6\" data-element_type=\"column\">\n\t\t\t<div class=\"elementor-widget-wrap\">\n\t\t\t\t\t\t\t<\/div>\n\t\t<\/div>\n\t\t\t\t\t<\/div>\n\t\t<\/section>\n\t\t\t\t<\/div>\n\t\t","protected":false},"excerpt":{"rendered":"<p>Pliki do pobrania: BeSafe Love To Dream Nanobebe Zabawki edukacyjno rozwojowe DreamBaby BeSafe Bezpiecze\u0144stwo w podr\u00f3\u017cy matki i dziecka\u00a0 Produkty BeSafe Love To Dream Love ToDream &#8211; dlaczego r\u0119ce w g\u00f3rze? Nanobebe Rewolucja w karmieniu niemowl\u0105t Produkty Nanobebe Zabawki edukacyjno rozwojowe \u00a0 \u00a0 Zabawki edukacyjno &#8211; rozwojowe DreamBaby Bezpiecze\u0144stwo malucha w domu Odwied\u017a stron\u0119 partnera:<\/p>\n","protected":false},"author":2,"featured_media":0,"parent":0,"menu_order":0,"comment_status":"closed","ping_status":"closed","template":"elementor_header_footer","meta":{"footnotes":""},"class_list":["post-92","page","type-page","status-publish","hentry"],"_links":{"self":[{"href":"https:\/\/bezpiecznymaluch.marko-baby.pl\/index.php?rest_route=\/wp\/v2\/pages\/92","targetHints":{"allow":["GET"]}}],"collection":[{"href":"https:\/\/bezpiecznymaluch.marko-baby.pl\/index.php?rest_route=\/wp\/v2\/pages"}],"about":[{"href":"https:\/\/bezpiecznymaluch.marko-baby.pl\/index.php?rest_route=\/wp\/v2\/types\/page"}],"author":[{"embeddable":true,"href":"https:\/\/bezpiecznymaluch.marko-baby.pl\/index.php?rest_route=\/wp\/v2\/users\/2"}],"replies":[{"embeddable":true,"href":"https:\/\/bezpiecznymaluch.marko-baby.pl\/index.php?rest_route=%2Fwp%2Fv2%2Fcomments&post=92"}],"version-history":[{"count":52,"href":"https:\/\/bezpiecznymaluch.marko-baby.pl\/index.php?rest_route=\/wp\/v2\/pages\/92\/revisions"}],"predecessor-version":[{"id":767,"href":"https:\/\/bezpiecznymaluch.marko-baby.pl\/index.php?rest_route=\/wp\/v2\/pages\/92\/revisions\/767"}],"wp:attachment":[{"href":"https:\/\/bezpiecznymaluch.marko-baby.pl\/index.php?rest_route=%2Fwp%2Fv2%2Fmedia&parent=92"}],"curies":[{"name":"wp","href":"https:\/\/api.w.org\/{rel}","templated":true}]}}