{"id":9,"date":"2020-06-15T11:16:00","date_gmt":"2020-06-15T09:16:00","guid":{"rendered":"https:\/\/bezpiecznymaluch.marko-baby.pl\/?page_id=9"},"modified":"2021-08-18T10:12:21","modified_gmt":"2021-08-18T08:12:21","slug":"kontakt","status":"publish","type":"page","link":"https:\/\/bezpiecznymaluch.marko-baby.pl\/?page_id=9","title":{"rendered":"Kontakt"},"content":{"rendered":"<p><img fetchpriority=\"high\" decoding=\"async\" src=\"https:\/\/bezpiecznymaluch.marko-baby.pl\/wp-content\/uploads\/2020\/06\/BeSafe_iZi-Go-Modular-X1-i-Size_Metallic-Melange_3-1024x683.jpg\" alt=\"\" srcset=\"https:\/\/bezpiecznymaluch.marko-baby.pl\/wp-content\/uploads\/2020\/06\/BeSafe_iZi-Go-Modular-X1-i-Size_Metallic-Melange_3-1024x683.jpg 1024w, https:\/\/bezpiecznymaluch.marko-baby.pl\/wp-content\/uploads\/2020\/06\/BeSafe_iZi-Go-Modular-X1-i-Size_Metallic-Melange_3-300x200.jpg 300w, https:\/\/bezpiecznymaluch.marko-baby.pl\/wp-content\/uploads\/2020\/06\/BeSafe_iZi-Go-Modular-X1-i-Size_Metallic-Melange_3-768x512.jpg 768w, https:\/\/bezpiecznymaluch.marko-baby.pl\/wp-content\/uploads\/2020\/06\/BeSafe_iZi-Go-Modular-X1-i-Size_Metallic-Melange_3-1536x1024.jpg 1536w, https:\/\/bezpiecznymaluch.marko-baby.pl\/wp-content\/uploads\/2020\/06\/BeSafe_iZi-Go-Modular-X1-i-Size_Metallic-Melange_3-2048x1365.jpg 2048w, https:\/\/bezpiecznymaluch.marko-baby.pl\/wp-content\/uploads\/2020\/06\/BeSafe_iZi-Go-Modular-X1-i-Size_Metallic-Melange_3-1200x800.jpg 1200w, https:\/\/bezpiecznymaluch.marko-baby.pl\/wp-content\/uploads\/2020\/06\/BeSafe_iZi-Go-Modular-X1-i-Size_Metallic-Melange_3-1980x1320.jpg 1980w\" sizes=\"(max-width: 580px) 100vw, 580px\" width=\"580\" height=\"387\"><\/p>\n<p><b>MARKO Sp\u00f3\u0142ka Jawna<br \/>\n<a href=\"https:\/\/www.marko-baby.pl\/index.php\">www.marko-baby.pl<\/a><\/b><\/p>\n<p><b>44-300 Wodzis\u0142aw \u015al\u0105ski, ul. Rybnicka 2 D<\/b><b><br \/>\ntel . 32 453-01-71<\/b><b><br \/>\nNIP: 647-051-22-32, REGON:271026937, BDO:000003976<br \/>\n<a href=\"mailto:info@marko-baby.pl\">info@marko-baby.pl<\/a><br \/>\nGodziny otwarcia:<br \/>\nPoniedzia\u0142ek &#8211; Pi\u0105tek 8.00 &#8211; 16.00<br \/>\n<\/b><\/p>\n<p><b>&nbsp;<\/b><\/p>\n","protected":false},"excerpt":{"rendered":"<p>MARKO Sp\u00f3\u0142ka Jawna www.marko-baby.pl 44-300 Wodzis\u0142aw \u015al\u0105ski, ul. Rybnicka 2 D tel . 32 453-01-71 NIP: 647-051-22-32, REGON:271026937, BDO:000003976 info@marko-baby.pl Godziny otwarcia: Poniedzia\u0142ek &#8211; Pi\u0105tek 8.00 &#8211; 16.00 &nbsp;<\/p>\n","protected":false},"author":2,"featured_media":0,"parent":0,"menu_order":0,"comment_status":"closed","ping_status":"closed","template":"elementor_header_footer","meta":{"footnotes":""},"class_list":["post-9","page","type-page","status-publish","hentry"],"_links":{"self":[{"href":"https:\/\/bezpiecznymaluch.marko-baby.pl\/index.php?rest_route=\/wp\/v2\/pages\/9","targetHints":{"allow":["GET"]}}],"collection":[{"href":"https:\/\/bezpiecznymaluch.marko-baby.pl\/index.php?rest_route=\/wp\/v2\/pages"}],"about":[{"href":"https:\/\/bezpiecznymaluch.marko-baby.pl\/index.php?rest_route=\/wp\/v2\/types\/page"}],"author":[{"embeddable":true,"href":"https:\/\/bezpiecznymaluch.marko-baby.pl\/index.php?rest_route=\/wp\/v2\/users\/2"}],"replies":[{"embeddable":true,"href":"https:\/\/bezpiecznymaluch.marko-baby.pl\/index.php?rest_route=%2Fwp%2Fv2%2Fcomments&post=9"}],"version-history":[{"count":17,"href":"https:\/\/bezpiecznymaluch.marko-baby.pl\/index.php?rest_route=\/wp\/v2\/pages\/9\/revisions"}],"predecessor-version":[{"id":659,"href":"https:\/\/bezpiecznymaluch.marko-baby.pl\/index.php?rest_route=\/wp\/v2\/pages\/9\/revisions\/659"}],"wp:attachment":[{"href":"https:\/\/bezpiecznymaluch.marko-baby.pl\/index.php?rest_route=%2Fwp%2Fv2%2Fmedia&parent=9"}],"curies":[{"name":"wp","href":"https:\/\/api.w.org\/{rel}","templated":true}]}}