{"id":79,"date":"2020-06-15T15:02:57","date_gmt":"2020-06-15T13:02:57","guid":{"rendered":"https:\/\/bezpiecznymaluch.marko-baby.pl\/?page_id=79"},"modified":"2023-05-30T08:59:08","modified_gmt":"2023-05-30T06:59:08","slug":"konkursy","status":"publish","type":"page","link":"https:\/\/bezpiecznymaluch.marko-baby.pl\/?page_id=79","title":{"rendered":"Konkursy"},"content":{"rendered":"\t\t<div data-elementor-type=\"wp-page\" data-elementor-id=\"79\" class=\"elementor elementor-79\">\n\t\t\t\t\t\t<section class=\"elementor-section elementor-top-section elementor-element elementor-element-2f5f747 elementor-section-boxed elementor-section-height-default elementor-section-height-default\" data-id=\"2f5f747\" data-element_type=\"section\">\n\t\t\t\t\t\t<div class=\"elementor-container elementor-column-gap-extended\">\n\t\t\t\t\t<div class=\"elementor-column elementor-col-100 elementor-top-column elementor-element elementor-element-5aef2a8\" data-id=\"5aef2a8\" data-element_type=\"column\">\n\t\t\t<div class=\"elementor-widget-wrap elementor-element-populated\">\n\t\t\t\t\t\t<div class=\"elementor-element elementor-element-b6bdcf1 elementor-widget elementor-widget-heading\" data-id=\"b6bdcf1\" data-element_type=\"widget\" data-widget_type=\"heading.default\">\n\t\t\t\t<div class=\"elementor-widget-container\">\n\t\t\t\t\t<h2 class=\"elementor-heading-title elementor-size-default\">Wype\u0142nij poni\u017cszy formularz i otrzymaj rabat w sklepie internetowym!\n\n<\/h2>\t\t\t\t<\/div>\n\t\t\t\t<\/div>\n\t\t\t\t<div class=\"elementor-element elementor-element-3409a48 elementor-widget elementor-widget-text-editor\" data-id=\"3409a48\" data-element_type=\"widget\" data-widget_type=\"text-editor.default\">\n\t\t\t\t<div class=\"elementor-widget-container\">\n\t\t\t\t\t\t\t\t\t\n<div class=\"wpcf7 no-js\" id=\"wpcf7-f65-o1\" lang=\"pl-PL\" dir=\"ltr\" data-wpcf7-id=\"65\">\n<div class=\"screen-reader-response\"><p role=\"status\" aria-live=\"polite\" aria-atomic=\"true\"><\/p> <ul><\/ul><\/div>\n<form action=\"\/index.php?rest_route=%2Fwp%2Fv2%2Fpages%2F79#wpcf7-f65-o1\" method=\"post\" class=\"wpcf7-form init\" aria-label=\"Formularz kontaktowy\" novalidate=\"novalidate\" data-status=\"init\">\n<div style=\"display: none;\">\n<input type=\"hidden\" name=\"_wpcf7\" value=\"65\" \/>\n<input type=\"hidden\" name=\"_wpcf7_version\" value=\"6.0.6\" \/>\n<input type=\"hidden\" name=\"_wpcf7_locale\" value=\"pl_PL\" \/>\n<input type=\"hidden\" name=\"_wpcf7_unit_tag\" value=\"wpcf7-f65-o1\" \/>\n<input type=\"hidden\" name=\"_wpcf7_container_post\" value=\"0\" \/>\n<input type=\"hidden\" name=\"_wpcf7_posted_data_hash\" value=\"\" \/>\n<\/div>\n<h6> Dane osobowe:\n<\/h6>\n<p><label> Imi\u0119 i nazwisko*<br \/>\n<span class=\"wpcf7-form-control-wrap\" data-name=\"your-name\"><input size=\"40\" maxlength=\"400\" class=\"wpcf7-form-control wpcf7-text wpcf7-validates-as-required\" aria-required=\"true\" aria-invalid=\"false\" value=\"\" type=\"text\" name=\"your-name\" \/><\/span><br \/>\n<\/label>\n<\/p>\n<p><label> Tw\u00f3j email*<br \/>\n<span class=\"wpcf7-form-control-wrap\" data-name=\"your-email\"><input size=\"40\" maxlength=\"400\" class=\"wpcf7-form-control wpcf7-email wpcf7-validates-as-required wpcf7-text wpcf7-validates-as-email\" aria-required=\"true\" aria-invalid=\"false\" value=\"\" type=\"email\" name=\"your-email\" \/><\/span><br \/>\n<\/label>\n<\/p>\n<p><label> Numer telefonu<br \/>\n<span class=\"wpcf7-form-control-wrap\" data-name=\"Numertelefonu\"><input size=\"40\" maxlength=\"400\" class=\"wpcf7-form-control wpcf7-tel wpcf7-text wpcf7-validates-as-tel\" aria-invalid=\"false\" value=\"\" type=\"tel\" name=\"Numertelefonu\" \/><\/span><br \/>\n<\/label>\n<\/p>\n<p><label> data narodzin dziecka (orientacyjna)*<br \/>\n<span class=\"wpcf7-form-control-wrap\" data-name=\"data_narodzin_dziecka\"><input class=\"wpcf7-form-control wpcf7-date wpcf7-validates-as-required wpcf7-validates-as-date\" aria-required=\"true\" aria-invalid=\"false\" placeholder=\"rrrr-mm-dd\" value=\"\" type=\"date\" name=\"data_narodzin_dziecka\" \/><\/span><br \/>\n<\/label>\n<\/p>\n<p><label> data szkolenia*<br \/>\n<span class=\"wpcf7-form-control-wrap\" data-name=\"dataszkolenia\"><input class=\"wpcf7-form-control wpcf7-date wpcf7-validates-as-required wpcf7-validates-as-date\" aria-required=\"true\" aria-invalid=\"false\" placeholder=\"rrrr-mm-dd\" value=\"\" type=\"date\" name=\"dataszkolenia\" \/><\/span><br \/>\n<\/label>\n<\/p>\n<p>Zgodnie z art.6 ust.1 lit. a og\u00f3lnego rozporz\u0105dzenia o ochronie danych osobowych z dnia 27 kwietnia 2016 r. wyra\u017cam zgod\u0119 na przetwarzanie moich danych osobowych w celu:\n<\/p>\n<p><span class=\"wpcf7-form-control-wrap\" data-name=\"subskrypcjinewslettera\"><span class=\"wpcf7-form-control wpcf7-acceptance\"><span class=\"wpcf7-list-item\"><label><input type=\"checkbox\" name=\"subskrypcjinewslettera\" value=\"1\" aria-invalid=\"false\" \/><span class=\"wpcf7-list-item-label\">subskrypcji newslettera* (zaznacz je\u015bli chcesz otrzyma\u0107 rabat na zakupy)<\/span><\/label><\/span><\/span><\/span><br \/>\n<span class=\"wpcf7-form-control-wrap\" data-name=\"udziau_w_ankietach\"><span class=\"wpcf7-form-control wpcf7-acceptance optional\"><span class=\"wpcf7-list-item\"><label><input type=\"checkbox\" name=\"udziau_w_ankietach\" value=\"1\" aria-invalid=\"false\" \/><span class=\"wpcf7-list-item-label\">udzia\u0142u w ankietach<\/span><\/label><\/span><\/span><\/span>\n<\/p>\n<p><span class=\"wpcf7-form-control-wrap\" data-name=\"polityka\"><span class=\"wpcf7-form-control wpcf7-acceptance\"><span class=\"wpcf7-list-item\"><label><input type=\"checkbox\" name=\"polityka\" value=\"1\" aria-invalid=\"false\" \/><span class=\"wpcf7-list-item-label\">zapozna\u0142em\/\u0142am si\u0119 i akceptuj\u0119 polityk\u0119 prywatno\u015bci*<\/span><\/label><\/span><\/span><\/span>\n<\/p>\n<p>Wype\u0142niaj\u0105c niniejszy FORMULARZ REJESTRACYJNY, firmie J. Musio\u0142 Przedsi\u0119biorstwo Produkcyjno Handlowo Us\u0142ugowe MARKO Sp\u00f3\u0142ka Jawna, z siedzib\u0105 44-300 Wodzis\u0142aw \u015al\u0105ski ul. Rybnicka 2D, zwanej dalej \u201efirm\u0105 MARKO\u201d wyra\u017cam zgod\u0119 na:\n<\/p>\n<p><span class=\"wpcf7-form-control-wrap\" data-name=\"wykorzystanie_telekomunikacyjnego\"><span class=\"wpcf7-form-control wpcf7-acceptance optional\"><span class=\"wpcf7-list-item\"><label><input type=\"checkbox\" name=\"wykorzystanie_telekomunikacyjnego\" value=\"1\" aria-invalid=\"false\" \/><span class=\"wpcf7-list-item-label\">wykorzystanie telekomunikacyjnego urz\u0105dzenia ko\u0144cowego dla celu marketingu produkt\u00f3w i us\u0142ug firmy MARKO,\nzgodnie z ustaw\u0105 Prawo telekomunikacyjne.<\/span><\/label><\/span><\/span><\/span>\n<\/p>\n<h6> * pola wymagane\n<\/h6>\n<p><input class=\"wpcf7-form-control wpcf7-submit has-spinner\" type=\"submit\" value=\"Zapisz si\u0119\" \/>\n<\/p><div class=\"wpcf7-response-output\" aria-hidden=\"true\"><\/div>\n<\/form>\n<\/div>\n\t\t\t\t\t\t\t\t<\/div>\n\t\t\t\t<\/div>\n\t\t\t\t\t<\/div>\n\t\t<\/div>\n\t\t\t\t\t<\/div>\n\t\t<\/section>\n\t\t\t\t<\/div>\n\t\t","protected":false},"excerpt":{"rendered":"<p>Wype\u0142nij poni\u017cszy formularz i otrzymaj rabat w sklepie internetowym!<\/p>\n","protected":false},"author":2,"featured_media":0,"parent":7,"menu_order":0,"comment_status":"closed","ping_status":"closed","template":"elementor_header_footer","meta":{"footnotes":""},"class_list":["post-79","page","type-page","status-publish","hentry"],"_links":{"self":[{"href":"https:\/\/bezpiecznymaluch.marko-baby.pl\/index.php?rest_route=\/wp\/v2\/pages\/79","targetHints":{"allow":["GET"]}}],"collection":[{"href":"https:\/\/bezpiecznymaluch.marko-baby.pl\/index.php?rest_route=\/wp\/v2\/pages"}],"about":[{"href":"https:\/\/bezpiecznymaluch.marko-baby.pl\/index.php?rest_route=\/wp\/v2\/types\/page"}],"author":[{"embeddable":true,"href":"https:\/\/bezpiecznymaluch.marko-baby.pl\/index.php?rest_route=\/wp\/v2\/users\/2"}],"replies":[{"embeddable":true,"href":"https:\/\/bezpiecznymaluch.marko-baby.pl\/index.php?rest_route=%2Fwp%2Fv2%2Fcomments&post=79"}],"version-history":[{"count":24,"href":"https:\/\/bezpiecznymaluch.marko-baby.pl\/index.php?rest_route=\/wp\/v2\/pages\/79\/revisions"}],"predecessor-version":[{"id":661,"href":"https:\/\/bezpiecznymaluch.marko-baby.pl\/index.php?rest_route=\/wp\/v2\/pages\/79\/revisions\/661"}],"up":[{"embeddable":true,"href":"https:\/\/bezpiecznymaluch.marko-baby.pl\/index.php?rest_route=\/wp\/v2\/pages\/7"}],"wp:attachment":[{"href":"https:\/\/bezpiecznymaluch.marko-baby.pl\/index.php?rest_route=%2Fwp%2Fv2%2Fmedia&parent=79"}],"curies":[{"name":"wp","href":"https:\/\/api.w.org\/{rel}","templated":true}]}}