{"id":702,"date":"2022-04-05T10:43:21","date_gmt":"2022-04-05T08:43:21","guid":{"rendered":"https:\/\/bezpiecznymaluch.marko-baby.pl\/?page_id=702"},"modified":"2022-04-05T10:43:59","modified_gmt":"2022-04-05T08:43:59","slug":"kontakt-2","status":"publish","type":"page","link":"https:\/\/bezpiecznymaluch.marko-baby.pl\/?page_id=702","title":{"rendered":"Kontakt"},"content":{"rendered":"\t\t<div data-elementor-type=\"wp-post\" data-elementor-id=\"702\" class=\"elementor elementor-702\">\n\t\t\t\t\t\t<section class=\"elementor-section elementor-top-section elementor-element elementor-element-d35a14a elementor-section-boxed elementor-section-height-default elementor-section-height-default\" data-id=\"d35a14a\" data-element_type=\"section\">\n\t\t\t\t\t\t<div class=\"elementor-container elementor-column-gap-default\">\n\t\t\t\t\t<div class=\"elementor-column elementor-col-100 elementor-top-column elementor-element elementor-element-9867d9f\" data-id=\"9867d9f\" data-element_type=\"column\">\n\t\t\t<div class=\"elementor-widget-wrap elementor-element-populated\">\n\t\t\t\t\t\t<div class=\"elementor-element elementor-element-2ec654c elementor-widget elementor-widget-html\" data-id=\"2ec654c\" data-element_type=\"widget\" data-widget_type=\"html.default\">\n\t\t\t\t<div class=\"elementor-widget-container\">\n\t\t\t\t\t<img fetchpriority=\"high\" decoding=\"async\" src=\"https:\/\/bezpiecznymaluch.marko-baby.pl\/wp-content\/uploads\/2020\/06\/BeSafe_iZi-Go-Modular-X1-i-Size_Metallic-Melange_3-1024x683.jpg\" alt=\"\" srcset=\"https:\/\/bezpiecznymaluch.marko-baby.pl\/wp-content\/uploads\/2020\/06\/BeSafe_iZi-Go-Modular-X1-i-Size_Metallic-Melange_3-1024x683.jpg 1024w, https:\/\/bezpiecznymaluch.marko-baby.pl\/wp-content\/uploads\/2020\/06\/BeSafe_iZi-Go-Modular-X1-i-Size_Metallic-Melange_3-300x200.jpg 300w, https:\/\/bezpiecznymaluch.marko-baby.pl\/wp-content\/uploads\/2020\/06\/BeSafe_iZi-Go-Modular-X1-i-Size_Metallic-Melange_3-768x512.jpg 768w, https:\/\/bezpiecznymaluch.marko-baby.pl\/wp-content\/uploads\/2020\/06\/BeSafe_iZi-Go-Modular-X1-i-Size_Metallic-Melange_3-1536x1024.jpg 1536w, https:\/\/bezpiecznymaluch.marko-baby.pl\/wp-content\/uploads\/2020\/06\/BeSafe_iZi-Go-Modular-X1-i-Size_Metallic-Melange_3-2048x1365.jpg 2048w, https:\/\/bezpiecznymaluch.marko-baby.pl\/wp-content\/uploads\/2020\/06\/BeSafe_iZi-Go-Modular-X1-i-Size_Metallic-Melange_3-1200x800.jpg 1200w, https:\/\/bezpiecznymaluch.marko-baby.pl\/wp-content\/uploads\/2020\/06\/BeSafe_iZi-Go-Modular-X1-i-Size_Metallic-Melange_3-1980x1320.jpg 1980w\" sizes=\"(max-width: 580px) 100vw, 580px\" width=\"580\" height=\"387\">\r\n\r\n<b>MARKO Sp\u00f3\u0142ka Jawna\r\n<a href=\"https:\/\/www.marko-baby.pl\/index.php\">www.marko-baby.pl<\/a><\/b>\r\n\r\n<b>44-300 Wodzis\u0142aw \u015al\u0105ski, ul. Rybnicka 2 D<\/b><b>\r\ntel . 32 453-01-71<\/b><b>\r\nNIP: 647-051-22-32, REGON:271026937, BDO:000003976\r\n<a href=\"mailto:info@marko-baby.pl\">info@marko-baby.pl<\/a>\r\nGodziny otwarcia:\r\nPoniedzia\u0142ek - Pi\u0105tek 8.00 - 16.00\r\n<\/b>\r\n\r\n<b>&nbsp;<\/b>\t\t\t\t<\/div>\n\t\t\t\t<\/div>\n\t\t\t\t\t<\/div>\n\t\t<\/div>\n\t\t\t\t\t<\/div>\n\t\t<\/section>\n\t\t\t\t<\/div>\n\t\t","protected":false},"excerpt":{"rendered":"<p>MARKO Sp\u00f3\u0142ka Jawna www.marko-baby.pl 44-300 Wodzis\u0142aw \u015al\u0105ski, ul. Rybnicka 2 D tel . 32 453-01-71 NIP: 647-051-22-32, REGON:271026937, BDO:000003976 info@marko-baby.pl Godziny otwarcia: Poniedzia\u0142ek &#8211; Pi\u0105tek 8.00 &#8211; 16.00 &nbsp;<\/p>\n","protected":false},"author":2,"featured_media":0,"parent":0,"menu_order":0,"comment_status":"closed","ping_status":"closed","template":"elementor_header_footer","meta":{"footnotes":""},"class_list":["post-702","page","type-page","status-publish","hentry"],"_links":{"self":[{"href":"https:\/\/bezpiecznymaluch.marko-baby.pl\/index.php?rest_route=\/wp\/v2\/pages\/702","targetHints":{"allow":["GET"]}}],"collection":[{"href":"https:\/\/bezpiecznymaluch.marko-baby.pl\/index.php?rest_route=\/wp\/v2\/pages"}],"about":[{"href":"https:\/\/bezpiecznymaluch.marko-baby.pl\/index.php?rest_route=\/wp\/v2\/types\/page"}],"author":[{"embeddable":true,"href":"https:\/\/bezpiecznymaluch.marko-baby.pl\/index.php?rest_route=\/wp\/v2\/users\/2"}],"replies":[{"embeddable":true,"href":"https:\/\/bezpiecznymaluch.marko-baby.pl\/index.php?rest_route=%2Fwp%2Fv2%2Fcomments&post=702"}],"version-history":[{"count":3,"href":"https:\/\/bezpiecznymaluch.marko-baby.pl\/index.php?rest_route=\/wp\/v2\/pages\/702\/revisions"}],"predecessor-version":[{"id":705,"href":"https:\/\/bezpiecznymaluch.marko-baby.pl\/index.php?rest_route=\/wp\/v2\/pages\/702\/revisions\/705"}],"wp:attachment":[{"href":"https:\/\/bezpiecznymaluch.marko-baby.pl\/index.php?rest_route=%2Fwp%2Fv2%2Fmedia&parent=702"}],"curies":[{"name":"wp","href":"https:\/\/api.w.org\/{rel}","templated":true}]}}