{"id":7,"date":"2020-06-15T11:15:59","date_gmt":"2020-06-15T09:15:59","guid":{"rendered":"https:\/\/bezpiecznymaluch.marko-baby.pl\/?page_id=7"},"modified":"2023-09-07T09:52:04","modified_gmt":"2023-09-07T07:52:04","slug":"strona-glowna","status":"publish","type":"page","link":"https:\/\/bezpiecznymaluch.marko-baby.pl\/","title":{"rendered":"Akcesoria"},"content":{"rendered":"\t\t<div data-elementor-type=\"wp-page\" data-elementor-id=\"7\" class=\"elementor elementor-7\">\n\t\t\t\t\t\t<section class=\"elementor-section elementor-top-section elementor-element elementor-element-c35f636 elementor-section-content-space-between elementor-section-boxed elementor-section-height-default elementor-section-height-default\" data-id=\"c35f636\" data-element_type=\"section\" data-settings=\"{&quot;background_background&quot;:&quot;classic&quot;}\">\n\t\t\t\t\t\t<div class=\"elementor-container elementor-column-gap-default\">\n\t\t\t\t\t<div class=\"elementor-column elementor-col-100 elementor-top-column elementor-element elementor-element-68edd4f\" data-id=\"68edd4f\" data-element_type=\"column\">\n\t\t\t<div class=\"elementor-widget-wrap elementor-element-populated\">\n\t\t\t\t\t\t<div class=\"elementor-element elementor-element-e2479c9 elementor-widget elementor-widget-heading\" data-id=\"e2479c9\" data-element_type=\"widget\" data-widget_type=\"heading.default\">\n\t\t\t\t<div class=\"elementor-widget-container\">\n\t\t\t\t\t<h1 class=\"elementor-heading-title elementor-size-default\">Dzi\u0119kujemy za udzia\u0142 w warsztatach!<br> <br><span style=\"font-family: Roboto, sans-serif;font-size: 25px;letter-spacing: -0.375px\">Wype\u0142nij nasz formularz i otrzymaj wielorazowy rabat&nbsp;<\/span><span style=\"font-family: Roboto, sans-serif;font-size: 25px;letter-spacing: -0.375px\">20% do wykorzystania<\/span><span style=\"font-family: Roboto, sans-serif;font-size: 25px;letter-spacing: -0.375px\">&nbsp;w naszym sklepie internetowym<br><a href=\"https:\/\/www.marko-baby.pl\/index.php\">www.marko-baby.pl<\/a><\/span><\/h1>\t\t\t\t<\/div>\n\t\t\t\t<\/div>\n\t\t\t\t<div class=\"elementor-element elementor-element-9bf7f07 elementor-align-center elementor-invisible elementor-widget elementor-widget-button\" data-id=\"9bf7f07\" data-element_type=\"widget\" data-settings=\"{&quot;_animation&quot;:&quot;fadeIn&quot;}\" data-widget_type=\"button.default\">\n\t\t\t\t<div class=\"elementor-widget-container\">\n\t\t\t\t\t\t\t\t\t<div class=\"elementor-button-wrapper\">\n\t\t\t\t\t<a class=\"elementor-button elementor-button-link elementor-size-xl\" href=\"https:\/\/bezpiecznymaluch.marko-baby.pl\/?page_id=79\">\n\t\t\t\t\t\t<span class=\"elementor-button-content-wrapper\">\n\t\t\t\t\t\t<span class=\"elementor-button-icon\">\n\t\t\t\t<i aria-hidden=\"true\" class=\"fas fa-check\"><\/i>\t\t\t<\/span>\n\t\t\t\t\t\t\t\t\t<span class=\"elementor-button-text\">Kliknij i ODBIERZ RABAT 20%<\/span>\n\t\t\t\t\t<\/span>\n\t\t\t\t\t<\/a>\n\t\t\t\t<\/div>\n\t\t\t\t\t\t\t\t<\/div>\n\t\t\t\t<\/div>\n\t\t\t\t\t<\/div>\n\t\t<\/div>\n\t\t\t\t\t<\/div>\n\t\t<\/section>\n\t\t\t\t<section class=\"elementor-section elementor-top-section elementor-element elementor-element-82d4c60 elementor-section-boxed elementor-section-height-default elementor-section-height-default\" data-id=\"82d4c60\" data-element_type=\"section\">\n\t\t\t\t\t\t<div class=\"elementor-container elementor-column-gap-default\">\n\t\t\t\t\t<div class=\"elementor-column elementor-col-100 elementor-top-column elementor-element elementor-element-a08ca9c\" data-id=\"a08ca9c\" data-element_type=\"column\">\n\t\t\t<div class=\"elementor-widget-wrap elementor-element-populated\">\n\t\t\t\t\t\t<div class=\"elementor-element elementor-element-6232d86 elementor-widget elementor-widget-image\" data-id=\"6232d86\" data-element_type=\"widget\" data-widget_type=\"image.default\">\n\t\t\t\t<div class=\"elementor-widget-container\">\n\t\t\t\t\t\t\t\t\t\t\t\t\t\t\t\t<a href=\"https:\/\/www.marko-baby.pl\/promocje.html\">\n\t\t\t\t\t\t\t<img fetchpriority=\"high\" decoding=\"async\" width=\"580\" height=\"580\" src=\"https:\/\/bezpiecznymaluch.marko-baby.pl\/wp-content\/uploads\/2022\/09\/Bezpieczny-Maluch-atrakcyjna-cena2-1024x1024.jpg\" class=\"attachment-large size-large wp-image-769\" alt=\"BeSafe promocja\" srcset=\"https:\/\/bezpiecznymaluch.marko-baby.pl\/wp-content\/uploads\/2022\/09\/Bezpieczny-Maluch-atrakcyjna-cena2-1024x1024.jpg 1024w, https:\/\/bezpiecznymaluch.marko-baby.pl\/wp-content\/uploads\/2022\/09\/Bezpieczny-Maluch-atrakcyjna-cena2-300x300.jpg 300w, https:\/\/bezpiecznymaluch.marko-baby.pl\/wp-content\/uploads\/2022\/09\/Bezpieczny-Maluch-atrakcyjna-cena2-150x150.jpg 150w, https:\/\/bezpiecznymaluch.marko-baby.pl\/wp-content\/uploads\/2022\/09\/Bezpieczny-Maluch-atrakcyjna-cena2-768x768.jpg 768w, https:\/\/bezpiecznymaluch.marko-baby.pl\/wp-content\/uploads\/2022\/09\/Bezpieczny-Maluch-atrakcyjna-cena2.jpg 1201w\" sizes=\"(max-width: 580px) 100vw, 580px\" \/>\t\t\t\t\t\t\t\t<\/a>\n\t\t\t\t\t\t\t\t\t\t\t\t\t\t\t<\/div>\n\t\t\t\t<\/div>\n\t\t\t\t<div class=\"elementor-element elementor-element-5a091cf elementor-align-center elementor-invisible elementor-widget elementor-widget-button\" data-id=\"5a091cf\" data-element_type=\"widget\" data-settings=\"{&quot;_animation&quot;:&quot;fadeIn&quot;}\" data-widget_type=\"button.default\">\n\t\t\t\t<div class=\"elementor-widget-container\">\n\t\t\t\t\t\t\t\t\t<div class=\"elementor-button-wrapper\">\n\t\t\t\t\t<a class=\"elementor-button elementor-button-link elementor-size-xl\" href=\"https:\/\/www.marko-baby.pl\/promocje.html\">\n\t\t\t\t\t\t<span class=\"elementor-button-content-wrapper\">\n\t\t\t\t\t\t<span class=\"elementor-button-icon\">\n\t\t\t\t<i aria-hidden=\"true\" class=\"fas fa-shopping-cart\"><\/i>\t\t\t<\/span>\n\t\t\t\t\t\t\t\t\t<span class=\"elementor-button-text\">Kup ZESTAW BeSAFE iZi Modular w ni\u017cszej cenie<\/span>\n\t\t\t\t\t<\/span>\n\t\t\t\t\t<\/a>\n\t\t\t\t<\/div>\n\t\t\t\t\t\t\t\t<\/div>\n\t\t\t\t<\/div>\n\t\t\t\t\t<\/div>\n\t\t<\/div>\n\t\t\t\t\t<\/div>\n\t\t<\/section>\n\t\t\t\t<section class=\"elementor-section elementor-top-section elementor-element elementor-element-06d756f elementor-section-boxed elementor-section-height-default elementor-section-height-default\" data-id=\"06d756f\" data-element_type=\"section\" data-settings=\"{&quot;background_background&quot;:&quot;classic&quot;}\">\n\t\t\t\t\t\t<div class=\"elementor-container elementor-column-gap-no\">\n\t\t\t\t\t<div class=\"elementor-column elementor-col-100 elementor-top-column elementor-element elementor-element-94b55e3\" data-id=\"94b55e3\" data-element_type=\"column\">\n\t\t\t<div class=\"elementor-widget-wrap elementor-element-populated\">\n\t\t\t\t\t\t<div class=\"elementor-element elementor-element-0376684 elementor-widget elementor-widget-text-editor\" data-id=\"0376684\" data-element_type=\"widget\" data-widget_type=\"text-editor.default\">\n\t\t\t\t<div class=\"elementor-widget-container\">\n\t\t\t\t\t\t\t\t\t<h3><strong>Promocja w <a href=\"https:\/\/www.marko-baby.pl\/index.php?woj=&amp;pg=sklepy&amp;kol=109\">sklepach partnerskich<\/a>\u00a0<span style=\"font-size: inherit; text-align: inherit; letter-spacing: -0.015em;\">BeSafe i na stronie Marko.<\/span><\/strong><span style=\"font-size: inherit; text-align: inherit; letter-spacing: -0.015em;\"><br \/><\/span><\/h3>\t\t\t\t\t\t\t\t<\/div>\n\t\t\t\t<\/div>\n\t\t\t\t<div class=\"elementor-element elementor-element-987f131 elementor-align-center elementor-invisible elementor-widget elementor-widget-button\" data-id=\"987f131\" data-element_type=\"widget\" data-settings=\"{&quot;_animation&quot;:&quot;fadeIn&quot;}\" data-widget_type=\"button.default\">\n\t\t\t\t<div class=\"elementor-widget-container\">\n\t\t\t\t\t\t\t\t\t<div class=\"elementor-button-wrapper\">\n\t\t\t\t\t<a class=\"elementor-button elementor-button-link elementor-size-xl\" href=\"https:\/\/www.marko-baby.pl\/sklepy.html\">\n\t\t\t\t\t\t<span class=\"elementor-button-content-wrapper\">\n\t\t\t\t\t\t<span class=\"elementor-button-icon\">\n\t\t\t\t<i aria-hidden=\"true\" class=\"fas fa-shopping-basket\"><\/i>\t\t\t<\/span>\n\t\t\t\t\t\t\t\t\t<span class=\"elementor-button-text\">Zobacz Sklepy Partnerskie<\/span>\n\t\t\t\t\t<\/span>\n\t\t\t\t\t<\/a>\n\t\t\t\t<\/div>\n\t\t\t\t\t\t\t\t<\/div>\n\t\t\t\t<\/div>\n\t\t\t\t\t<\/div>\n\t\t<\/div>\n\t\t\t\t\t<\/div>\n\t\t<\/section>\n\t\t\t\t<section class=\"elementor-section elementor-top-section elementor-element elementor-element-82a44e4 elementor-section-boxed elementor-section-height-default elementor-section-height-default\" data-id=\"82a44e4\" data-element_type=\"section\">\n\t\t\t\t\t\t<div class=\"elementor-container elementor-column-gap-default\">\n\t\t\t\t\t<div class=\"elementor-column elementor-col-100 elementor-top-column elementor-element elementor-element-91b500c\" data-id=\"91b500c\" data-element_type=\"column\">\n\t\t\t<div class=\"elementor-widget-wrap elementor-element-populated\">\n\t\t\t\t\t\t<div class=\"elementor-element elementor-element-addd1cf elementor-widget elementor-widget-heading\" data-id=\"addd1cf\" data-element_type=\"widget\" data-widget_type=\"heading.default\">\n\t\t\t\t<div class=\"elementor-widget-container\">\n\t\t\t\t\t<h2 class=\"elementor-heading-title elementor-size-default\">Specjalnie dla Was propozycja najlepszych akcesori\u00f3w dla Waszych Bezpiecznych Maluch\u00f3w<\/h2>\t\t\t\t<\/div>\n\t\t\t\t<\/div>\n\t\t\t\t\t<\/div>\n\t\t<\/div>\n\t\t\t\t\t<\/div>\n\t\t<\/section>\n\t\t\t\t<section class=\"elementor-section elementor-top-section elementor-element elementor-element-332c15d elementor-section-boxed elementor-section-height-default elementor-section-height-default\" data-id=\"332c15d\" data-element_type=\"section\">\n\t\t\t\t\t\t<div class=\"elementor-container elementor-column-gap-default\">\n\t\t\t\t\t<div class=\"elementor-column elementor-col-20 elementor-top-column elementor-element elementor-element-882a7c8\" data-id=\"882a7c8\" data-element_type=\"column\">\n\t\t\t<div class=\"elementor-widget-wrap elementor-element-populated\">\n\t\t\t\t\t\t<div class=\"elementor-element elementor-element-f87da09 elementor-invisible elementor-widget elementor-widget-image\" data-id=\"f87da09\" data-element_type=\"widget\" data-settings=\"{&quot;_animation&quot;:&quot;fadeInDown&quot;}\" data-widget_type=\"image.default\">\n\t\t\t\t<div class=\"elementor-widget-container\">\n\t\t\t\t\t\t\t\t\t\t\t\t<figure class=\"wp-caption\">\n\t\t\t\t\t\t\t\t\t\t\t<a href=\"https:\/\/bezpiecznymaluch.marko-baby.pl\/?page_id=334\" target=\"_blank\">\n\t\t\t\t\t\t\t<img decoding=\"async\" width=\"580\" height=\"580\" src=\"https:\/\/bezpiecznymaluch.marko-baby.pl\/wp-content\/uploads\/2022\/04\/adater-768x768-1.jpg\" class=\"attachment-large size-large wp-image-740\" alt=\"\" srcset=\"https:\/\/bezpiecznymaluch.marko-baby.pl\/wp-content\/uploads\/2022\/04\/adater-768x768-1.jpg 768w, https:\/\/bezpiecznymaluch.marko-baby.pl\/wp-content\/uploads\/2022\/04\/adater-768x768-1-300x300.jpg 300w, https:\/\/bezpiecznymaluch.marko-baby.pl\/wp-content\/uploads\/2022\/04\/adater-768x768-1-150x150.jpg 150w\" sizes=\"(max-width: 580px) 100vw, 580px\" \/>\t\t\t\t\t\t\t\t<\/a>\n\t\t\t\t\t\t\t\t\t\t\t<figcaption class=\"widget-image-caption wp-caption-text\">BEZPIECZNA PODR\u00d3\u017b<\/figcaption>\n\t\t\t\t\t\t\t\t\t\t<\/figure>\n\t\t\t\t\t\t\t\t\t<\/div>\n\t\t\t\t<\/div>\n\t\t\t\t\t<\/div>\n\t\t<\/div>\n\t\t\t\t<div class=\"elementor-column elementor-col-20 elementor-top-column elementor-element elementor-element-e77284b\" data-id=\"e77284b\" data-element_type=\"column\">\n\t\t\t<div class=\"elementor-widget-wrap elementor-element-populated\">\n\t\t\t\t\t\t<div class=\"elementor-element elementor-element-2745511 elementor-invisible elementor-widget elementor-widget-image\" data-id=\"2745511\" data-element_type=\"widget\" data-settings=\"{&quot;_animation&quot;:&quot;fadeInUp&quot;}\" data-widget_type=\"image.default\">\n\t\t\t\t<div class=\"elementor-widget-container\">\n\t\t\t\t\t\t\t\t\t\t\t\t<figure class=\"wp-caption\">\n\t\t\t\t\t\t\t\t\t\t\t<a href=\"https:\/\/bezpiecznymaluch.marko-baby.pl\/?page_id=685\" target=\"_blank\">\n\t\t\t\t\t\t\t<img decoding=\"async\" width=\"580\" height=\"580\" src=\"https:\/\/bezpiecznymaluch.marko-baby.pl\/wp-content\/uploads\/2020\/07\/z-1024x1024.jpg\" class=\"attachment-large size-large wp-image-420\" alt=\"W\u00f3zek spacerowy zigi\" srcset=\"https:\/\/bezpiecznymaluch.marko-baby.pl\/wp-content\/uploads\/2020\/07\/z-1024x1024.jpg 1024w, https:\/\/bezpiecznymaluch.marko-baby.pl\/wp-content\/uploads\/2020\/07\/z-300x300.jpg 300w, https:\/\/bezpiecznymaluch.marko-baby.pl\/wp-content\/uploads\/2020\/07\/z-150x150.jpg 150w, https:\/\/bezpiecznymaluch.marko-baby.pl\/wp-content\/uploads\/2020\/07\/z-768x768.jpg 768w, https:\/\/bezpiecznymaluch.marko-baby.pl\/wp-content\/uploads\/2020\/07\/z-1200x1200.jpg 1200w, https:\/\/bezpiecznymaluch.marko-baby.pl\/wp-content\/uploads\/2020\/07\/z.jpg 1344w\" sizes=\"(max-width: 580px) 100vw, 580px\" \/>\t\t\t\t\t\t\t\t<\/a>\n\t\t\t\t\t\t\t\t\t\t\t<figcaption class=\"widget-image-caption wp-caption-text\">W\u00d3ZKI<\/figcaption>\n\t\t\t\t\t\t\t\t\t\t<\/figure>\n\t\t\t\t\t\t\t\t\t<\/div>\n\t\t\t\t<\/div>\n\t\t\t\t\t<\/div>\n\t\t<\/div>\n\t\t\t\t<div class=\"elementor-column elementor-col-20 elementor-top-column elementor-element elementor-element-ff779b2\" data-id=\"ff779b2\" data-element_type=\"column\">\n\t\t\t<div class=\"elementor-widget-wrap elementor-element-populated\">\n\t\t\t\t\t\t<div class=\"elementor-element elementor-element-274056f elementor-invisible elementor-widget elementor-widget-image\" data-id=\"274056f\" data-element_type=\"widget\" data-settings=\"{&quot;_animation&quot;:&quot;fadeInDown&quot;}\" data-widget_type=\"image.default\">\n\t\t\t\t<div class=\"elementor-widget-container\">\n\t\t\t\t\t\t\t\t\t\t\t\t<figure class=\"wp-caption\">\n\t\t\t\t\t\t\t\t\t\t\t<a href=\"https:\/\/bezpiecznymaluch.marko-baby.pl\/?page_id=378\">\n\t\t\t\t\t\t\t<img loading=\"lazy\" decoding=\"async\" width=\"580\" height=\"580\" src=\"https:\/\/bezpiecznymaluch.marko-baby.pl\/wp-content\/uploads\/2020\/07\/blue-comfi-hugs-bamboo-cellular-blanket-asp-100-1024x1024.jpg\" class=\"attachment-large size-large wp-image-447\" alt=\"\" srcset=\"https:\/\/bezpiecznymaluch.marko-baby.pl\/wp-content\/uploads\/2020\/07\/blue-comfi-hugs-bamboo-cellular-blanket-asp-100-1024x1024.jpg 1024w, https:\/\/bezpiecznymaluch.marko-baby.pl\/wp-content\/uploads\/2020\/07\/blue-comfi-hugs-bamboo-cellular-blanket-asp-100-300x300.jpg 300w, https:\/\/bezpiecznymaluch.marko-baby.pl\/wp-content\/uploads\/2020\/07\/blue-comfi-hugs-bamboo-cellular-blanket-asp-100-150x150.jpg 150w, https:\/\/bezpiecznymaluch.marko-baby.pl\/wp-content\/uploads\/2020\/07\/blue-comfi-hugs-bamboo-cellular-blanket-asp-100-768x768.jpg 768w, https:\/\/bezpiecznymaluch.marko-baby.pl\/wp-content\/uploads\/2020\/07\/blue-comfi-hugs-bamboo-cellular-blanket-asp-100-1536x1536.jpg 1536w, https:\/\/bezpiecznymaluch.marko-baby.pl\/wp-content\/uploads\/2020\/07\/blue-comfi-hugs-bamboo-cellular-blanket-asp-100-1200x1200.jpg 1200w, https:\/\/bezpiecznymaluch.marko-baby.pl\/wp-content\/uploads\/2020\/07\/blue-comfi-hugs-bamboo-cellular-blanket-asp-100.jpg 1600w\" sizes=\"(max-width: 580px) 100vw, 580px\" \/>\t\t\t\t\t\t\t\t<\/a>\n\t\t\t\t\t\t\t\t\t\t\t<figcaption class=\"widget-image-caption wp-caption-text\">DLA DZIECKA<\/figcaption>\n\t\t\t\t\t\t\t\t\t\t<\/figure>\n\t\t\t\t\t\t\t\t\t<\/div>\n\t\t\t\t<\/div>\n\t\t\t\t\t<\/div>\n\t\t<\/div>\n\t\t\t\t<div class=\"elementor-column elementor-col-20 elementor-top-column elementor-element elementor-element-a675ad7\" data-id=\"a675ad7\" data-element_type=\"column\">\n\t\t\t<div class=\"elementor-widget-wrap elementor-element-populated\">\n\t\t\t\t\t\t<div class=\"elementor-element elementor-element-5f01212 elementor-invisible elementor-widget elementor-widget-image\" data-id=\"5f01212\" data-element_type=\"widget\" data-settings=\"{&quot;_animation&quot;:&quot;fadeInUp&quot;}\" data-widget_type=\"image.default\">\n\t\t\t\t<div class=\"elementor-widget-container\">\n\t\t\t\t\t\t\t\t\t\t\t\t<figure class=\"wp-caption\">\n\t\t\t\t\t\t\t\t\t\t\t<a href=\"https:\/\/bezpiecznymaluch.marko-baby.pl\/?page_id=380\" target=\"_blank\">\n\t\t\t\t\t\t\t<img loading=\"lazy\" decoding=\"async\" width=\"580\" height=\"554\" src=\"https:\/\/bezpiecznymaluch.marko-baby.pl\/wp-content\/uploads\/2022\/04\/fotelik.jpg\" class=\"attachment-large size-large wp-image-746\" alt=\"\" srcset=\"https:\/\/bezpiecznymaluch.marko-baby.pl\/wp-content\/uploads\/2022\/04\/fotelik.jpg 768w, https:\/\/bezpiecznymaluch.marko-baby.pl\/wp-content\/uploads\/2022\/04\/fotelik-300x286.jpg 300w\" sizes=\"(max-width: 580px) 100vw, 580px\" \/>\t\t\t\t\t\t\t\t<\/a>\n\t\t\t\t\t\t\t\t\t\t\t<figcaption class=\"widget-image-caption wp-caption-text\">DLA MAMY<\/figcaption>\n\t\t\t\t\t\t\t\t\t\t<\/figure>\n\t\t\t\t\t\t\t\t\t<\/div>\n\t\t\t\t<\/div>\n\t\t\t\t\t<\/div>\n\t\t<\/div>\n\t\t\t\t<div class=\"elementor-column elementor-col-20 elementor-top-column elementor-element elementor-element-583ab80\" data-id=\"583ab80\" data-element_type=\"column\">\n\t\t\t<div class=\"elementor-widget-wrap elementor-element-populated\">\n\t\t\t\t\t\t<div class=\"elementor-element elementor-element-b10c338 elementor-invisible elementor-widget elementor-widget-image\" data-id=\"b10c338\" data-element_type=\"widget\" data-settings=\"{&quot;_animation&quot;:&quot;fadeInDown&quot;}\" data-widget_type=\"image.default\">\n\t\t\t\t<div class=\"elementor-widget-container\">\n\t\t\t\t\t\t\t\t\t\t\t\t<figure class=\"wp-caption\">\n\t\t\t\t\t\t\t\t\t\t\t<a href=\"https:\/\/bezpiecznymaluch.marko-baby.pl\/?page_id=695\" target=\"_blank\">\n\t\t\t\t\t\t\t<img loading=\"lazy\" decoding=\"async\" width=\"580\" height=\"580\" src=\"https:\/\/bezpiecznymaluch.marko-baby.pl\/wp-content\/uploads\/2022\/04\/wlodarczyk-1.jpg\" class=\"attachment-large size-large wp-image-753\" alt=\"W\u0142odarczyk - zabawki\" srcset=\"https:\/\/bezpiecznymaluch.marko-baby.pl\/wp-content\/uploads\/2022\/04\/wlodarczyk-1.jpg 987w, https:\/\/bezpiecznymaluch.marko-baby.pl\/wp-content\/uploads\/2022\/04\/wlodarczyk-1-300x300.jpg 300w, https:\/\/bezpiecznymaluch.marko-baby.pl\/wp-content\/uploads\/2022\/04\/wlodarczyk-1-150x150.jpg 150w, https:\/\/bezpiecznymaluch.marko-baby.pl\/wp-content\/uploads\/2022\/04\/wlodarczyk-1-768x768.jpg 768w\" sizes=\"(max-width: 580px) 100vw, 580px\" \/>\t\t\t\t\t\t\t\t<\/a>\n\t\t\t\t\t\t\t\t\t\t\t<figcaption class=\"widget-image-caption wp-caption-text\">ZABAWKI<\/figcaption>\n\t\t\t\t\t\t\t\t\t\t<\/figure>\n\t\t\t\t\t\t\t\t\t<\/div>\n\t\t\t\t<\/div>\n\t\t\t\t\t<\/div>\n\t\t<\/div>\n\t\t\t\t\t<\/div>\n\t\t<\/section>\n\t\t\t\t<section class=\"elementor-section elementor-top-section elementor-element elementor-element-02f8c43 elementor-section-boxed elementor-section-height-default elementor-section-height-default\" data-id=\"02f8c43\" data-element_type=\"section\">\n\t\t\t\t\t\t\t<div class=\"elementor-background-overlay\"><\/div>\n\t\t\t\t\t\t\t<div class=\"elementor-container elementor-column-gap-default\">\n\t\t\t\t\t<div class=\"elementor-column elementor-col-100 elementor-top-column elementor-element elementor-element-f4400e7\" data-id=\"f4400e7\" data-element_type=\"column\">\n\t\t\t<div class=\"elementor-widget-wrap\">\n\t\t\t\t\t\t\t<\/div>\n\t\t<\/div>\n\t\t\t\t\t<\/div>\n\t\t<\/section>\n\t\t\t\t<section class=\"elementor-section elementor-top-section elementor-element elementor-element-04d4878 elementor-section-boxed elementor-section-height-default elementor-section-height-default\" data-id=\"04d4878\" data-element_type=\"section\">\n\t\t\t\t\t\t<div class=\"elementor-container elementor-column-gap-default\">\n\t\t\t\t\t<div class=\"elementor-column elementor-col-25 elementor-top-column elementor-element elementor-element-93cb3de\" data-id=\"93cb3de\" data-element_type=\"column\">\n\t\t\t<div class=\"elementor-widget-wrap elementor-element-populated\">\n\t\t\t\t\t\t<div class=\"elementor-element elementor-element-568f50d elementor-shape-circle animated-fast elementor-grid-0 e-grid-align-center elementor-invisible elementor-widget elementor-widget-social-icons\" data-id=\"568f50d\" data-element_type=\"widget\" data-settings=\"{&quot;_animation&quot;:&quot;fadeInUp&quot;}\" data-widget_type=\"social-icons.default\">\n\t\t\t\t<div class=\"elementor-widget-container\">\n\t\t\t\t\t\t\t<div class=\"elementor-social-icons-wrapper elementor-grid\" role=\"list\">\n\t\t\t\t\t\t\t<span class=\"elementor-grid-item\" role=\"listitem\">\n\t\t\t\t\t<a class=\"elementor-icon elementor-social-icon elementor-social-icon-facebook elementor-repeater-item-8df59ff\" href=\"https:\/\/www.facebook.com\/besafe.polska\/\" target=\"_blank\">\n\t\t\t\t\t\t<span class=\"elementor-screen-only\">Facebook<\/span>\n\t\t\t\t\t\t<i class=\"fab fa-facebook\"><\/i>\t\t\t\t\t<\/a>\n\t\t\t\t<\/span>\n\t\t\t\t\t\t\t<span class=\"elementor-grid-item\" role=\"listitem\">\n\t\t\t\t\t<a class=\"elementor-icon elementor-social-icon elementor-social-icon-instagram elementor-repeater-item-2475965\" href=\"https:\/\/www.instagram.com\/besafe_polska\/\" target=\"_blank\">\n\t\t\t\t\t\t<span class=\"elementor-screen-only\">Instagram<\/span>\n\t\t\t\t\t\t<i class=\"fab fa-instagram\"><\/i>\t\t\t\t\t<\/a>\n\t\t\t\t<\/span>\n\t\t\t\t\t\t\t<span class=\"elementor-grid-item\" role=\"listitem\">\n\t\t\t\t\t<a class=\"elementor-icon elementor-social-icon elementor-social-icon-youtube elementor-repeater-item-4fb46bb\" href=\"https:\/\/www.youtube.com\/channel\/UClaiNM5YtFbB6vdYdjLu4Cw\" target=\"_blank\">\n\t\t\t\t\t\t<span class=\"elementor-screen-only\">Youtube<\/span>\n\t\t\t\t\t\t<i class=\"fab fa-youtube\"><\/i>\t\t\t\t\t<\/a>\n\t\t\t\t<\/span>\n\t\t\t\t\t<\/div>\n\t\t\t\t\t\t<\/div>\n\t\t\t\t<\/div>\n\t\t\t\t\t<\/div>\n\t\t<\/div>\n\t\t\t\t<div class=\"elementor-column elementor-col-25 elementor-top-column elementor-element elementor-element-909a040\" data-id=\"909a040\" data-element_type=\"column\">\n\t\t\t<div class=\"elementor-widget-wrap\">\n\t\t\t\t\t\t\t<\/div>\n\t\t<\/div>\n\t\t\t\t<div class=\"elementor-column elementor-col-25 elementor-top-column elementor-element elementor-element-a991115\" data-id=\"a991115\" data-element_type=\"column\">\n\t\t\t<div class=\"elementor-widget-wrap elementor-element-populated\">\n\t\t\t\t\t\t<div class=\"elementor-element elementor-element-ea445b4 elementor-align-center elementor-widget elementor-widget-button\" data-id=\"ea445b4\" data-element_type=\"widget\" data-widget_type=\"button.default\">\n\t\t\t\t<div class=\"elementor-widget-container\">\n\t\t\t\t\t\t\t\t\t<div class=\"elementor-button-wrapper\">\n\t\t\t\t\t<a class=\"elementor-button elementor-button-link elementor-size-sm\" href=\"https:\/\/bezpiecznymaluch.marko-baby.pl\/?page_id=3\" target=\"_blank\">\n\t\t\t\t\t\t<span class=\"elementor-button-content-wrapper\">\n\t\t\t\t\t\t\t\t\t<span class=\"elementor-button-text\">Polityka prywatno\u015bci<\/span>\n\t\t\t\t\t<\/span>\n\t\t\t\t\t<\/a>\n\t\t\t\t<\/div>\n\t\t\t\t\t\t\t\t<\/div>\n\t\t\t\t<\/div>\n\t\t\t\t\t<\/div>\n\t\t<\/div>\n\t\t\t\t<div class=\"elementor-column elementor-col-25 elementor-top-column elementor-element elementor-element-07e88a7\" data-id=\"07e88a7\" data-element_type=\"column\">\n\t\t\t<div class=\"elementor-widget-wrap elementor-element-populated\">\n\t\t\t\t\t\t<div class=\"elementor-element elementor-element-39de018 elementor-align-center elementor-invisible elementor-widget elementor-widget-button\" data-id=\"39de018\" data-element_type=\"widget\" data-settings=\"{&quot;_animation&quot;:&quot;fadeIn&quot;}\" data-widget_type=\"button.default\">\n\t\t\t\t<div class=\"elementor-widget-container\">\n\t\t\t\t\t\t\t\t\t<div class=\"elementor-button-wrapper\">\n\t\t\t\t\t<a class=\"elementor-button elementor-button-link elementor-size-sm\" href=\"https:\/\/www.marko-baby.pl\/index.php\" target=\"_blank\">\n\t\t\t\t\t\t<span class=\"elementor-button-content-wrapper\">\n\t\t\t\t\t\t<span class=\"elementor-button-icon\">\n\t\t\t\t<i aria-hidden=\"true\" class=\"fas fa-shopping-cart\"><\/i>\t\t\t<\/span>\n\t\t\t\t\t\t\t\t\t<span class=\"elementor-button-text\">Sklep -----><\/span>\n\t\t\t\t\t<\/span>\n\t\t\t\t\t<\/a>\n\t\t\t\t<\/div>\n\t\t\t\t\t\t\t\t<\/div>\n\t\t\t\t<\/div>\n\t\t\t\t\t<\/div>\n\t\t<\/div>\n\t\t\t\t\t<\/div>\n\t\t<\/section>\n\t\t\t\t<\/div>\n\t\t","protected":false},"excerpt":{"rendered":"<p>Dzi\u0119kujemy za udzia\u0142 w warsztatach! Wype\u0142nij nasz formularz i otrzymaj wielorazowy rabat&nbsp;20% do wykorzystania&nbsp;w naszym sklepie internetowymwww.marko-baby.pl Kliknij i ODBIERZ RABAT 20% Kup ZESTAW BeSAFE iZi Modular w ni\u017cszej cenie Promocja w sklepach partnerskich\u00a0BeSafe i na stronie Marko. Zobacz Sklepy Partnerskie Specjalnie dla Was propozycja najlepszych akcesori\u00f3w dla Waszych Bezpiecznych Maluch\u00f3w BEZPIECZNA PODR\u00d3\u017b W\u00d3ZKI DLA [&hellip;]<\/p>\n","protected":false},"author":2,"featured_media":0,"parent":0,"menu_order":0,"comment_status":"closed","ping_status":"closed","template":"elementor_header_footer","meta":{"footnotes":""},"class_list":["post-7","page","type-page","status-publish","hentry"],"_links":{"self":[{"href":"https:\/\/bezpiecznymaluch.marko-baby.pl\/index.php?rest_route=\/wp\/v2\/pages\/7","targetHints":{"allow":["GET"]}}],"collection":[{"href":"https:\/\/bezpiecznymaluch.marko-baby.pl\/index.php?rest_route=\/wp\/v2\/pages"}],"about":[{"href":"https:\/\/bezpiecznymaluch.marko-baby.pl\/index.php?rest_route=\/wp\/v2\/types\/page"}],"author":[{"embeddable":true,"href":"https:\/\/bezpiecznymaluch.marko-baby.pl\/index.php?rest_route=\/wp\/v2\/users\/2"}],"replies":[{"embeddable":true,"href":"https:\/\/bezpiecznymaluch.marko-baby.pl\/index.php?rest_route=%2Fwp%2Fv2%2Fcomments&post=7"}],"version-history":[{"count":172,"href":"https:\/\/bezpiecznymaluch.marko-baby.pl\/index.php?rest_route=\/wp\/v2\/pages\/7\/revisions"}],"predecessor-version":[{"id":948,"href":"https:\/\/bezpiecznymaluch.marko-baby.pl\/index.php?rest_route=\/wp\/v2\/pages\/7\/revisions\/948"}],"wp:attachment":[{"href":"https:\/\/bezpiecznymaluch.marko-baby.pl\/index.php?rest_route=%2Fwp%2Fv2%2Fmedia&parent=7"}],"curies":[{"name":"wp","href":"https:\/\/api.w.org\/{rel}","templated":true}]}}